{"id":49,"date":"2024-01-08T08:55:18","date_gmt":"2024-01-08T08:55:18","guid":{"rendered":"https:\/\/archi2.oceanthemes.site\/industry\/?page_id=49"},"modified":"2025-07-31T07:55:22","modified_gmt":"2025-07-31T07:55:22","slug":"about-us-2","status":"publish","type":"page","link":"https:\/\/live-in.international\/en\/about-us-2\/","title":{"rendered":"About us"},"content":{"rendered":"<div data-elementor-type=\"wp-page\" data-elementor-id=\"49\" class=\"elementor elementor-49\" data-elementor-post-type=\"page\">\n\t\t\t\t<div class=\"elementor-element elementor-element-57a9d6c elementor-hidden-tablet elementor-hidden-mobile e-flex e-con-boxed e-con e-parent\" data-id=\"57a9d6c\" data-element_type=\"container\" data-e-type=\"container\" data-settings=\"{&quot;background_background&quot;:&quot;classic&quot;}\">\n\t\t\t\t\t<div class=\"e-con-inner\">\n\t\t<div class=\"elementor-element elementor-element-550d7b4 e-con-full e-flex e-con e-child\" data-id=\"550d7b4\" data-element_type=\"container\" data-e-type=\"container\">\n\t\t\t\t<div class=\"elementor-element elementor-element-8295590 elementor-position-inline-start elementor-view-default elementor-mobile-position-block-start exad-sticky-section-no exad-glass-effect-no elementor-widget elementor-widget-icon-box\" data-id=\"8295590\" data-element_type=\"widget\" data-e-type=\"widget\" data-widget_type=\"icon-box.default\">\n\t\t\t\t\t\t\t<div class=\"elementor-icon-box-wrapper\">\n\n\t\t\t\t\t\t<div class=\"elementor-icon-box-icon\">\n\t\t\t\t<span  class=\"elementor-icon\">\n\t\t\t\t<i aria-hidden=\"true\" class=\"icon_clock_alt\"><\/i>\t\t\t\t<\/span>\n\t\t\t<\/div>\n\t\t\t\n\t\t\t\t\t\t<div class=\"elementor-icon-box-content\">\n\n\t\t\t\t\t\t\t\t\t<h3 class=\"elementor-icon-box-title\">\n\t\t\t\t\t\t<span  >\n\t\t\t\t\t\t\tOpening Times\t\t\t\t\t\t<\/span>\n\t\t\t\t\t<\/h3>\n\t\t\t\t\n\t\t\t\t\t\t\t\t\t<p class=\"elementor-icon-box-description\">\n\t\t\t\t\t\tMonday - Friday: 09:00 - 18:00\t\t\t\t\t<\/p>\n\t\t\t\t\n\t\t\t<\/div>\n\t\t\t\n\t\t<\/div>\n\t\t\t\t\t\t<\/div>\n\t\t\t\t<\/div>\n\t\t<div class=\"elementor-element elementor-element-447be92 e-con-full e-flex e-con e-child\" data-id=\"447be92\" data-element_type=\"container\" data-e-type=\"container\">\n\t\t\t\t<div class=\"elementor-element elementor-element-6f85eb5 elementor-position-inline-start elementor-view-default elementor-mobile-position-block-start exad-sticky-section-no exad-glass-effect-no elementor-widget elementor-widget-icon-box\" data-id=\"6f85eb5\" data-element_type=\"widget\" data-e-type=\"widget\" data-widget_type=\"icon-box.default\">\n\t\t\t\t\t\t\t<div class=\"elementor-icon-box-wrapper\">\n\n\t\t\t\t\t\t<div class=\"elementor-icon-box-icon\">\n\t\t\t\t<span  class=\"elementor-icon\">\n\t\t\t\t<i aria-hidden=\"true\" class=\"icon_house_alt\"><\/i>\t\t\t\t<\/span>\n\t\t\t<\/div>\n\t\t\t\n\t\t\t\t\t\t<div class=\"elementor-icon-box-content\">\n\n\t\t\t\t\t\t\t\t\t<h3 class=\"elementor-icon-box-title\">\n\t\t\t\t\t\t<span  >\n\t\t\t\t\t\t\tOur Location\t\t\t\t\t\t<\/span>\n\t\t\t\t\t<\/h3>\n\t\t\t\t\n\t\t\t\t\t\t\t\t\t<p class=\"elementor-icon-box-description\">\n\t\t\t\t\t\t100 S Main St, Los Angeles, CA\t\t\t\t\t<\/p>\n\t\t\t\t\n\t\t\t<\/div>\n\t\t\t\n\t\t<\/div>\n\t\t\t\t\t\t<\/div>\n\t\t\t\t<\/div>\n\t\t<div class=\"elementor-element elementor-element-246fd61 e-con-full e-flex e-con e-child\" data-id=\"246fd61\" data-element_type=\"container\" data-e-type=\"container\">\n\t\t\t\t<div class=\"elementor-element elementor-element-804c379 elementor-position-inline-start elementor-view-default elementor-mobile-position-block-start exad-sticky-section-no exad-glass-effect-no elementor-widget elementor-widget-icon-box\" data-id=\"804c379\" data-element_type=\"widget\" data-e-type=\"widget\" data-widget_type=\"icon-box.default\">\n\t\t\t\t\t\t\t<div class=\"elementor-icon-box-wrapper\">\n\n\t\t\t\t\t\t<div class=\"elementor-icon-box-icon\">\n\t\t\t\t<span  class=\"elementor-icon\">\n\t\t\t\t<i aria-hidden=\"true\" class=\"icon_headphones\"><\/i>\t\t\t\t<\/span>\n\t\t\t<\/div>\n\t\t\t\n\t\t\t\t\t\t<div class=\"elementor-icon-box-content\">\n\n\t\t\t\t\t\t\t\t\t<h3 class=\"elementor-icon-box-title\">\n\t\t\t\t\t\t<span  >\n\t\t\t\t\t\t\tCustomer Support\t\t\t\t\t\t<\/span>\n\t\t\t\t\t<\/h3>\n\t\t\t\t\n\t\t\t\t\t\t\t\t\t<p class=\"elementor-icon-box-description\">\n\t\t\t\t\t\t+208 333 9296\t\t\t\t\t<\/p>\n\t\t\t\t\n\t\t\t<\/div>\n\t\t\t\n\t\t<\/div>\n\t\t\t\t\t\t<\/div>\n\t\t\t\t<\/div>\n\t\t\t\t\t<\/div>\n\t\t\t\t<\/div>\n\t\t<div class=\"elementor-element elementor-element-a4a7867 e-flex e-con-boxed e-con e-parent\" data-id=\"a4a7867\" data-element_type=\"container\" data-e-type=\"container\">\n\t\t\t\t\t<div class=\"e-con-inner\">\n\t\t\t\t<div class=\"elementor-element elementor-element-006bfa2 exad-sticky-section-no exad-glass-effect-no elementor-widget elementor-widget-spacer\" data-id=\"006bfa2\" data-element_type=\"widget\" data-e-type=\"widget\" data-widget_type=\"spacer.default\">\n\t\t\t\t\t\t\t<div class=\"elementor-spacer\">\n\t\t\t<div class=\"elementor-spacer-inner\"><\/div>\n\t\t<\/div>\n\t\t\t\t\t\t<\/div>\n\t\t\t\t\t<\/div>\n\t\t\t\t<\/div>\n\t\t<div class=\"elementor-element elementor-element-13b57bd e-flex e-con-boxed e-con e-parent\" data-id=\"13b57bd\" data-element_type=\"container\" data-e-type=\"container\">\n\t\t\t\t\t<div class=\"e-con-inner\">\n\t\t\t\t<div class=\"elementor-element elementor-element-47d9f31 exad-sticky-section-no exad-glass-effect-no elementor-widget elementor-widget-spacer\" data-id=\"47d9f31\" data-element_type=\"widget\" data-e-type=\"widget\" data-widget_type=\"spacer.default\">\n\t\t\t\t\t\t\t<div class=\"elementor-spacer\">\n\t\t\t<div class=\"elementor-spacer-inner\"><\/div>\n\t\t<\/div>\n\t\t\t\t\t\t<\/div>\n\t\t\t\t\t<\/div>\n\t\t\t\t<\/div>\n\t\t<div class=\"elementor-element elementor-element-f0e222a e-flex e-con-boxed e-con e-parent\" data-id=\"f0e222a\" data-element_type=\"container\" data-e-type=\"container\">\n\t\t\t\t\t<div class=\"e-con-inner\">\n\t\t\t\t<div class=\"elementor-element elementor-element-779cc148 exad-sticky-section-no exad-glass-effect-no elementor-widget elementor-widget-heading\" data-id=\"779cc148\" data-element_type=\"widget\" data-e-type=\"widget\" data-widget_type=\"heading.default\">\n\t\t\t\t\t<h1 class=\"elementor-heading-title elementor-size-default\">From London to the leader in Slovakia<\/h1>\t\t\t\t<\/div>\n\t\t\t\t\t<\/div>\n\t\t\t\t<\/div>\n\t\t<div class=\"elementor-element elementor-element-44579b89 e-con-full e-flex e-con e-child\" data-id=\"44579b89\" data-element_type=\"container\" data-e-type=\"container\">\n\t\t\t\t<div class=\"elementor-element elementor-element-2956fdc4 elementor-widget-divider--view-line_icon elementor-view-default elementor-widget-divider--element-align-center exad-sticky-section-no exad-glass-effect-no elementor-widget elementor-widget-divider\" data-id=\"2956fdc4\" data-element_type=\"widget\" data-e-type=\"widget\" data-widget_type=\"divider.default\">\n\t\t\t\t\t\t\t<div class=\"elementor-divider\">\n\t\t\t<span class=\"elementor-divider-separator\">\n\t\t\t\t\t\t\t<div class=\"elementor-icon elementor-divider__element\">\n\t\t\t\t\t<i aria-hidden=\"true\" class=\"icon_cog\"><\/i><\/div>\n\t\t\t\t\t\t<\/span>\n\t\t<\/div>\n\t\t\t\t\t\t<\/div>\n\t\t\t\t<\/div>\n\t\t<div class=\"elementor-element elementor-element-67d261f e-grid e-con-boxed e-con e-parent\" data-id=\"67d261f\" data-element_type=\"container\" data-e-type=\"container\">\n\t\t\t\t\t<div class=\"e-con-inner\">\n\t\t\t\t<div class=\"elementor-element elementor-element-ee4fa62 exad-sticky-section-no exad-glass-effect-no elementor-widget elementor-widget-image\" data-id=\"ee4fa62\" data-element_type=\"widget\" data-e-type=\"widget\" data-widget_type=\"image.default\">\n\t\t\t\t\t\t\t\t\t\t\t\t\t\t\t<img fetchpriority=\"high\" decoding=\"async\" width=\"1024\" height=\"685\" src=\"https:\/\/live-in.international\/wp-content\/uploads\/2025\/06\/pexels-dominikagregus-672532-1024x685.jpg\" class=\"attachment-large size-large wp-image-5235\" alt=\"\" srcset=\"https:\/\/live-in.international\/wp-content\/uploads\/2025\/06\/pexels-dominikagregus-672532-1024x685.jpg 1024w, https:\/\/live-in.international\/wp-content\/uploads\/2025\/06\/pexels-dominikagregus-672532-300x201.jpg 300w, https:\/\/live-in.international\/wp-content\/uploads\/2025\/06\/pexels-dominikagregus-672532-768x514.jpg 768w, https:\/\/live-in.international\/wp-content\/uploads\/2025\/06\/pexels-dominikagregus-672532-1536x1027.jpg 1536w, https:\/\/live-in.international\/wp-content\/uploads\/2025\/06\/pexels-dominikagregus-672532-18x12.jpg 18w, https:\/\/live-in.international\/wp-content\/uploads\/2025\/06\/pexels-dominikagregus-672532.jpg 2037w\" sizes=\"(max-width: 1024px) 100vw, 1024px\" \/>\t\t\t\t\t\t\t\t\t\t\t\t\t\t\t<\/div>\n\t\t\t\t<div class=\"elementor-element elementor-element-343a274 exad-sticky-section-no exad-glass-effect-no elementor-widget elementor-widget-text-editor\" data-id=\"343a274\" data-element_type=\"widget\" data-e-type=\"widget\" data-widget_type=\"text-editor.default\">\n\t\t\t\t\t\t\t\t\t<p data-start=\"11\" data-end=\"475\"><span style=\"color: #fa8716;\"><strong>LIVE-IN International<\/strong><\/span> is a combination of global expertise and local know-how in property management. Our journey began in 2018 in London - one of the world's most competitive real estate markets - where we have developed proven strategies, dynamic pricing and professional marketing. From January 2023, we are bringing this London innovation to the Slovakian market, particularly Bratislava and Ko\u0161ice, to provide property owners with up to 30 % higher rental yields.<\/p><p data-start=\"477\" data-end=\"807\"><span style=\"color: #fa8716;\"><strong data-start=\"477\" data-end=\"491\">Our mission<\/strong><\/span><br data-start=\"491\" data-end=\"494\" \/>Becoming your long-term partner to make your life easier and maximise your return on investment. We believe every property is unique, which is why we approach each one with personal commitment, transparency and cutting-edge technology - from AI pricing to smart home solutions to 24\/7 guest communication.<\/p><p data-start=\"809\" data-end=\"827\"><span style=\"color: #fa8716;\"><strong data-start=\"809\" data-end=\"825\">Our values<\/strong><\/span><\/p><ul data-start=\"828\" data-end=\"1288\"><li data-start=\"828\" data-end=\"953\"><p data-start=\"830\" data-end=\"953\"><strong data-start=\"830\" data-end=\"845\">Partnership<\/strong> - your success is our success. Every client is equally important to us and feels like part of our team.<\/p><\/li><li data-start=\"954\" data-end=\"1070\"><p data-start=\"956\" data-end=\"1070\"><strong data-start=\"956\" data-end=\"968\">Innovation<\/strong> - We are constantly monitoring new trends and technologies to bring you the most effective solutions.<\/p><\/li><li data-start=\"1071\" data-end=\"1189\"><p data-start=\"1073\" data-end=\"1189\"><strong data-start=\"1073\" data-end=\"1091\">Professionalism<\/strong> - we adhere to international quality standards, from cleaning and maintenance to strategic sales.<\/p><\/li><li data-start=\"1190\" data-end=\"1288\"><p data-start=\"1192\" data-end=\"1288\"><strong data-start=\"1192\" data-end=\"1211\">Transparency<\/strong> - No hidden fees, clear reports and open communication every month.<\/p><\/li><\/ul><p data-start=\"1290\" data-end=\"1709\" data-is-last-node=\"\" data-is-only-node=\"\"><span style=\"color: #fa8716;\"><strong data-start=\"1290\" data-end=\"1308\">Why LIVE-IN?<\/strong><\/span><br data-start=\"1308\" data-end=\"1311\" \/>With us, you get complete care for your property: from marketing on Airbnb and Booking.com, to dynamic pricing and guaranteed rentals. Our commission is only 15 % on short-term revenue (10 % on long-term rentals) and nothing more - clear, fair and hassle-free. Join the dozens of satisfied clients we've already helped to optimise returns and get the most out of their property.<\/p>\t\t\t\t\t\t\t\t<\/div>\n\t\t\t\t\t<\/div>\n\t\t\t\t<\/div>\n\t\t<div class=\"elementor-element elementor-element-81703fa e-flex e-con-boxed e-con e-parent\" data-id=\"81703fa\" data-element_type=\"container\" data-e-type=\"container\">\n\t\t\t\t\t<div class=\"e-con-inner\">\n\t\t\t\t<div class=\"elementor-element elementor-element-d19da4a exad-sticky-section-no exad-glass-effect-no elementor-widget elementor-widget-spacer\" data-id=\"d19da4a\" data-element_type=\"widget\" data-e-type=\"widget\" data-widget_type=\"spacer.default\">\n\t\t\t\t\t\t\t<div class=\"elementor-spacer\">\n\t\t\t<div class=\"elementor-spacer-inner\"><\/div>\n\t\t<\/div>\n\t\t\t\t\t\t<\/div>\n\t\t\t\t\t<\/div>\n\t\t\t\t<\/div>\n\t\t\t\t<\/div>","protected":false},"excerpt":{"rendered":"<p>Opening Times Monday &#8211; Friday: 09:00 &#8211; 18:00 Our Location 100 S Main St, Los Angeles, CA Customer Support +208 333 9296 Od Lond\u00fdna k l\u00eddrovi na Slovensku LIVE\u2011IN International je spojenie glob\u00e1lnej expert\u00edzy a lok\u00e1lneho know\u2011how v spr\u00e1ve nehnute\u013enost\u00ed. Na\u0161a cesta za\u010dala v roku 2018 v Lond\u00fdne \u2013 jednom z najkonkurencieschopnej\u0161\u00edch realitn\u00fdch trhov sveta [&hellip;]<\/p>\n","protected":false},"author":1,"featured_media":0,"parent":0,"menu_order":0,"comment_status":"closed","ping_status":"closed","template":"","meta":{"footnotes":""},"class_list":["post-49","page","type-page","status-publish","hentry"],"yoast_head":"<!-- This site is optimized with the Yoast SEO Premium plugin v25.3.1 (Yoast SEO v25.3.1) - https:\/\/yoast.com\/wordpress\/plugins\/seo\/ -->\n<title>O n\u00e1s\u00a0| LIVE\u2011IN International \u2013 Expert na spr\u00e1vu nehnute\u013enost\u00ed<\/title>\n<meta name=\"description\" content=\"Zozn\u00e1mte sa s LIVE\u2011IN International \u2013 spojen\u00edm lond\u00fdnskej expert\u00edzy a lok\u00e1lneho know\u2011how v spr\u00e1ve nehnute\u013enost\u00ed v Bratislave a Ko\u0161iciach. Zvy\u0161ujeme v\u00fdnosy a\u017e o\u00a030\u202f% s transparentn\u00fdm partnerstvom.\" \/>\n<meta name=\"robots\" content=\"index, follow, max-snippet:-1, max-image-preview:large, max-video-preview:-1\" \/>\n<link rel=\"canonical\" href=\"https:\/\/live-in.international\/en\/about-us-2\/\" \/>\n<meta property=\"og:locale\" content=\"en_US\" \/>\n<meta property=\"og:type\" content=\"article\" \/>\n<meta property=\"og:title\" content=\"O n\u00e1s\" \/>\n<meta property=\"og:description\" content=\"Zozn\u00e1mte sa s LIVE\u2011IN International \u2013 spojen\u00edm lond\u00fdnskej expert\u00edzy a lok\u00e1lneho know\u2011how v spr\u00e1ve nehnute\u013enost\u00ed v Bratislave a Ko\u0161iciach. Zvy\u0161ujeme v\u00fdnosy a\u017e o\u00a030\u202f% s transparentn\u00fdm partnerstvom.\" \/>\n<meta property=\"og:url\" content=\"https:\/\/live-in.international\/en\/about-us-2\/\" \/>\n<meta property=\"og:site_name\" content=\"LIVE-IN international\" \/>\n<meta property=\"article:publisher\" content=\"https:\/\/www.facebook.com\/profile.php?id=61559819081423\" \/>\n<meta property=\"article:modified_time\" content=\"2025-07-31T07:55:22+00:00\" \/>\n<meta property=\"og:image\" content=\"https:\/\/live-in.international\/wp-content\/uploads\/2025\/06\/pexels-dominikagregus-672532.jpg\" \/>\n\t<meta property=\"og:image:width\" content=\"2037\" \/>\n\t<meta property=\"og:image:height\" content=\"1362\" \/>\n\t<meta property=\"og:image:type\" content=\"image\/jpeg\" \/>\n<meta name=\"twitter:card\" content=\"summary_large_image\" \/>\n<meta name=\"twitter:label1\" content=\"Est. reading time\" \/>\n\t<meta name=\"twitter:data1\" content=\"2 minutes\" \/>\n<script type=\"application\/ld+json\" class=\"yoast-schema-graph\">{\"@context\":\"https:\/\/schema.org\",\"@graph\":[{\"@type\":\"WebPage\",\"@id\":\"https:\/\/live-in.international\/o-nas\/\",\"url\":\"https:\/\/live-in.international\/o-nas\/\",\"name\":\"O n\u00e1s\u00a0| LIVE\u2011IN International \u2013 Expert na spr\u00e1vu nehnute\u013enost\u00ed\",\"isPartOf\":{\"@id\":\"https:\/\/live-in.international\/#website\"},\"primaryImageOfPage\":{\"@id\":\"https:\/\/live-in.international\/o-nas\/#primaryimage\"},\"image\":{\"@id\":\"https:\/\/live-in.international\/o-nas\/#primaryimage\"},\"thumbnailUrl\":\"https:\/\/live-in.international\/wp-content\/uploads\/2025\/06\/pexels-dominikagregus-672532-1024x685.jpg\",\"datePublished\":\"2024-01-08T08:55:18+00:00\",\"dateModified\":\"2025-07-31T07:55:22+00:00\",\"description\":\"Zozn\u00e1mte sa s LIVE\u2011IN International \u2013 spojen\u00edm lond\u00fdnskej expert\u00edzy a lok\u00e1lneho know\u2011how v spr\u00e1ve nehnute\u013enost\u00ed v Bratislave a Ko\u0161iciach. Zvy\u0161ujeme v\u00fdnosy a\u017e o\u00a030\u202f% s transparentn\u00fdm partnerstvom.\",\"breadcrumb\":{\"@id\":\"https:\/\/live-in.international\/o-nas\/#breadcrumb\"},\"inLanguage\":\"en-US\",\"potentialAction\":[{\"@type\":\"ReadAction\",\"target\":[\"https:\/\/live-in.international\/o-nas\/\"]}]},{\"@type\":\"ImageObject\",\"inLanguage\":\"en-US\",\"@id\":\"https:\/\/live-in.international\/o-nas\/#primaryimage\",\"url\":\"https:\/\/live-in.international\/wp-content\/uploads\/2025\/06\/pexels-dominikagregus-672532-1024x685.jpg\",\"contentUrl\":\"https:\/\/live-in.international\/wp-content\/uploads\/2025\/06\/pexels-dominikagregus-672532-1024x685.jpg\"},{\"@type\":\"BreadcrumbList\",\"@id\":\"https:\/\/live-in.international\/o-nas\/#breadcrumb\",\"itemListElement\":[{\"@type\":\"ListItem\",\"position\":1,\"name\":\"Home\",\"item\":\"https:\/\/live-in.international\/\"},{\"@type\":\"ListItem\",\"position\":2,\"name\":\"O n\u00e1s\"}]},{\"@type\":\"WebSite\",\"@id\":\"https:\/\/live-in.international\/#website\",\"url\":\"https:\/\/live-in.international\/\",\"name\":\"Live-in.international\",\"description\":\"\",\"publisher\":{\"@id\":\"https:\/\/live-in.international\/#organization\"},\"potentialAction\":[{\"@type\":\"SearchAction\",\"target\":{\"@type\":\"EntryPoint\",\"urlTemplate\":\"https:\/\/live-in.international\/?s={search_term_string}\"},\"query-input\":{\"@type\":\"PropertyValueSpecification\",\"valueRequired\":true,\"valueName\":\"search_term_string\"}}],\"inLanguage\":\"en-US\"},{\"@type\":\"Organization\",\"@id\":\"https:\/\/live-in.international\/#organization\",\"name\":\"LIVE-IN INTERNATIONAL\",\"url\":\"https:\/\/live-in.international\/\",\"logo\":{\"@type\":\"ImageObject\",\"inLanguage\":\"en-US\",\"@id\":\"https:\/\/live-in.international\/#\/schema\/logo\/image\/\",\"url\":\"https:\/\/live-in.international\/wp-content\/uploads\/2024\/01\/65f23f094c6dc62477ffa2da_Logo-wjite-2-fotor-202403140117-p-500.png\",\"contentUrl\":\"https:\/\/live-in.international\/wp-content\/uploads\/2024\/01\/65f23f094c6dc62477ffa2da_Logo-wjite-2-fotor-202403140117-p-500.png\",\"width\":500,\"height\":230,\"caption\":\"LIVE-IN INTERNATIONAL\"},\"image\":{\"@id\":\"https:\/\/live-in.international\/#\/schema\/logo\/image\/\"},\"sameAs\":[\"https:\/\/www.facebook.com\/profile.php?id=61559819081423\",\"https:\/\/www.instagram.com\/livein_sk\/\"]}]}<\/script>\n<!-- \/ Yoast SEO Premium plugin. -->","yoast_head_json":{"title":"About us | LIVE-IN International - Property Management Expert","description":"Meet LIVE-IN International - a combination of London expertise and local know-how in property management in Bratislava and Ko\u0161ice. We increase returns by up to 30 % with transparent partnerships.","robots":{"index":"index","follow":"follow","max-snippet":"max-snippet:-1","max-image-preview":"max-image-preview:large","max-video-preview":"max-video-preview:-1"},"canonical":"https:\/\/live-in.international\/en\/about-us-2\/","og_locale":"en_US","og_type":"article","og_title":"O n\u00e1s","og_description":"Zozn\u00e1mte sa s LIVE\u2011IN International \u2013 spojen\u00edm lond\u00fdnskej expert\u00edzy a lok\u00e1lneho know\u2011how v spr\u00e1ve nehnute\u013enost\u00ed v Bratislave a Ko\u0161iciach. Zvy\u0161ujeme v\u00fdnosy a\u017e o\u00a030\u202f% s transparentn\u00fdm partnerstvom.","og_url":"https:\/\/live-in.international\/en\/about-us-2\/","og_site_name":"LIVE-IN international","article_publisher":"https:\/\/www.facebook.com\/profile.php?id=61559819081423","article_modified_time":"2025-07-31T07:55:22+00:00","og_image":[{"width":2037,"height":1362,"url":"https:\/\/live-in.international\/wp-content\/uploads\/2025\/06\/pexels-dominikagregus-672532.jpg","type":"image\/jpeg"}],"twitter_card":"summary_large_image","twitter_misc":{"Est. reading time":"2 minutes"},"schema":{"@context":"https:\/\/schema.org","@graph":[{"@type":"WebPage","@id":"https:\/\/live-in.international\/o-nas\/","url":"https:\/\/live-in.international\/o-nas\/","name":"About us | LIVE-IN International - Property Management Expert","isPartOf":{"@id":"https:\/\/live-in.international\/#website"},"primaryImageOfPage":{"@id":"https:\/\/live-in.international\/o-nas\/#primaryimage"},"image":{"@id":"https:\/\/live-in.international\/o-nas\/#primaryimage"},"thumbnailUrl":"https:\/\/live-in.international\/wp-content\/uploads\/2025\/06\/pexels-dominikagregus-672532-1024x685.jpg","datePublished":"2024-01-08T08:55:18+00:00","dateModified":"2025-07-31T07:55:22+00:00","description":"Meet LIVE-IN International - a combination of London expertise and local know-how in property management in Bratislava and Ko\u0161ice. We increase returns by up to 30 % with transparent partnerships.","breadcrumb":{"@id":"https:\/\/live-in.international\/o-nas\/#breadcrumb"},"inLanguage":"en-US","potentialAction":[{"@type":"ReadAction","target":["https:\/\/live-in.international\/o-nas\/"]}]},{"@type":"ImageObject","inLanguage":"en-US","@id":"https:\/\/live-in.international\/o-nas\/#primaryimage","url":"https:\/\/live-in.international\/wp-content\/uploads\/2025\/06\/pexels-dominikagregus-672532-1024x685.jpg","contentUrl":"https:\/\/live-in.international\/wp-content\/uploads\/2025\/06\/pexels-dominikagregus-672532-1024x685.jpg"},{"@type":"BreadcrumbList","@id":"https:\/\/live-in.international\/o-nas\/#breadcrumb","itemListElement":[{"@type":"ListItem","position":1,"name":"Home","item":"https:\/\/live-in.international\/"},{"@type":"ListItem","position":2,"name":"O n\u00e1s"}]},{"@type":"WebSite","@id":"https:\/\/live-in.international\/#website","url":"https:\/\/live-in.international\/","name":"Live-in.international","description":"","publisher":{"@id":"https:\/\/live-in.international\/#organization"},"potentialAction":[{"@type":"SearchAction","target":{"@type":"EntryPoint","urlTemplate":"https:\/\/live-in.international\/?s={search_term_string}"},"query-input":{"@type":"PropertyValueSpecification","valueRequired":true,"valueName":"search_term_string"}}],"inLanguage":"en-US"},{"@type":"Organization","@id":"https:\/\/live-in.international\/#organization","name":"LIVE-IN INTERNATIONAL","url":"https:\/\/live-in.international\/","logo":{"@type":"ImageObject","inLanguage":"en-US","@id":"https:\/\/live-in.international\/#\/schema\/logo\/image\/","url":"https:\/\/live-in.international\/wp-content\/uploads\/2024\/01\/65f23f094c6dc62477ffa2da_Logo-wjite-2-fotor-202403140117-p-500.png","contentUrl":"https:\/\/live-in.international\/wp-content\/uploads\/2024\/01\/65f23f094c6dc62477ffa2da_Logo-wjite-2-fotor-202403140117-p-500.png","width":500,"height":230,"caption":"LIVE-IN INTERNATIONAL"},"image":{"@id":"https:\/\/live-in.international\/#\/schema\/logo\/image\/"},"sameAs":["https:\/\/www.facebook.com\/profile.php?id=61559819081423","https:\/\/www.instagram.com\/livein_sk\/"]}]}},"_links":{"self":[{"href":"https:\/\/live-in.international\/en\/wp-json\/wp\/v2\/pages\/49","targetHints":{"allow":["GET"]}}],"collection":[{"href":"https:\/\/live-in.international\/en\/wp-json\/wp\/v2\/pages"}],"about":[{"href":"https:\/\/live-in.international\/en\/wp-json\/wp\/v2\/types\/page"}],"author":[{"embeddable":true,"href":"https:\/\/live-in.international\/en\/wp-json\/wp\/v2\/users\/1"}],"replies":[{"embeddable":true,"href":"https:\/\/live-in.international\/en\/wp-json\/wp\/v2\/comments?post=49"}],"version-history":[{"count":22,"href":"https:\/\/live-in.international\/en\/wp-json\/wp\/v2\/pages\/49\/revisions"}],"predecessor-version":[{"id":5537,"href":"https:\/\/live-in.international\/en\/wp-json\/wp\/v2\/pages\/49\/revisions\/5537"}],"wp:attachment":[{"href":"https:\/\/live-in.international\/en\/wp-json\/wp\/v2\/media?parent=49"}],"curies":[{"name":"wp","href":"https:\/\/api.w.org\/{rel}","templated":true}]}}